{"id":5302,"date":"2022-09-02T15:17:04","date_gmt":"2022-09-02T15:17:04","guid":{"rendered":"https:\/\/dev.chubbfs.com\/at-de\/?page_id=5302"},"modified":"2024-07-05T11:09:45","modified_gmt":"2024-07-05T11:09:45","slug":"cookie-einstellungen","status":"publish","type":"page","link":"https:\/\/dev.chubbfs.com\/at-de\/cookie-einstellungen\/","title":{"rendered":"Cookie-Hinweis"},"content":{"rendered":"<p>Im vorliegenden \u201eCookie-Hinweis\u201c (der \u201eHinweis\u201c) wird erkl\u00e4rt, wie und warum die Chubb Unternehmensgruppe (auch \u201eChubb\u201c, \u201ewir\u201c, \u201eunser\u201c und \u201euns\u201c genannt) verschiedene Arten von Cookies und \u00e4hnliche Technologien auf beliebigen in unserem Besitz stehenden oder von uns kontrollierten Websites oder Apps nutzt. In diesem Hinweis wird erkl\u00e4rt, wie Sie Cookies und \u00e4hnliche Technologien verwalten k\u00f6nnen.<\/p>\n<p>&nbsp;<\/p>\n<p>Stand der Information: September 2023<\/p>\n<p>&nbsp;<\/p>\n<p>Wir unterziehen diesen Hinweis regelm\u00e4\u00dfigen Pr\u00fcfungen und k\u00f6nnen ihn zu jeder Zeit aktualisieren. Bitte sehen Sie sich den Abschnitt \u201eStand der Information\u201c auf diesem Hinweis an, um herauszufinden, wann er zum letzten Mal ge\u00e4ndert wurde. S\u00e4mtliche \u00c4nderungen in diesem Hinweis treten in Kraft, sobald die \u00fcberarbeitete Version des Hinweises auf der Website oder \u00fcber diese offengelegt wird. Wir fordern Sie zudem auf, diesen Hinweis regelm\u00e4\u00dfig zu lesen. Wir werden Sie im Rahmen der Vorgaben der Datenschutzgesetzgebung und E-Privacy-Verordnung \u00fcber s\u00e4mtliche \u00c4nderungen (und deren Inkrafttretungszeitpunkt) in Kenntnis setzen.<\/p>\n<p><strong>\u00a0<\/strong><\/p>\n<p><strong>\u00a0<\/strong><\/p>\n<p><strong>Was sind Cookies?<\/strong><\/p>\n<p>Wenn Sie unsere Website besuchen, werden mit Ihrer Zustimmung gegebenenfalls ein oder mehrere Cookies generiert und eingestellt..<\/p>\n<p>Cookies sind kleine Dateien aus Buchstaben und Zahlen, die auf Ihrem Browser und\/oder dem Laufwerk Ihres Computers (oder anderer internetf\u00e4higer Ger\u00e4te wie Smartphones oder Tablets) gespeichert werden, wenn Sie die Website besuchen. Ein Cookie enth\u00e4lt in der Regel den Namen der Website, aus der es stammt, die \u201eLebensdauer\u201c des Cookies (das ist der Zeitraum, w\u00e4hrend dessen es auf ihrem Ger\u00e4t bleiben wird) und einen Wert, bei dem es sich in der Regel um eine zuf\u00e4llig generierte einmalige Zahl handelt.<\/p>\n<p>Wir verwenden Cookies, um die Website nutzerfreundlicher zu gestalten und um unsere Web-Pr\u00e4senz und Produkte auf Ihre Interessen und Bed\u00fcrfnisse abzustimmen. Cookies werden auch eingesetzt, um Ihre zuk\u00fcnftigen Aktivit\u00e4ten zu beschleunigen und Ihnen eine auf Ihre Bed\u00fcrfnisse zugeschnittene Besuchserfahrung auf der Website zu bieten,<\/p>\n<p>Bestimmte Cookies k\u00f6nnen Ihre personenbezogenen Daten verarbeiten (z.B. IP-Adressen und andere Online-Kennungen). N\u00e4here Informationen dar\u00fcber, wie Ihre personenbezogenen Daten verarbeitet und Ihre diesbez\u00fcglichen Rechte gewahrt werden finden Sie im Datenschutzhinweis von Chubb.<\/p>\n<p>Es werden weitere Cookies verwendet, um anonyme, aggregierte Statistiken zu erstellen, mit deren Hilfe wir einen \u00dcberblick dar\u00fcber bekommen, wie die Menschen unsere Web-Eigenschaften nutzen und wie wir die Web-Struktur und die Web-Inhalte verbessern k\u00f6nnen. Wir k\u00f6nnen Sie anhand dieser Informationen nicht pers\u00f6nlich identifizieren, obwohl f\u00fcr diese Cookies die gleichen Grunds\u00e4tze zur Anwendung kommen.<\/p>\n<p>&nbsp;<\/p>\n<p>&nbsp;<\/p>\n<p><strong>Unterschiedliche Cookie-Kategorien, die auf dieser Website zum Einsatz kommen:<\/strong><\/p>\n<p>Auf der Website kommen zwei Arten von Cookies zur Anwendung: \u201eSession Cookies\u201c und\u00a0 \u201epersistente Cookies\u201c. Session Cookies sind vor\u00fcbergehende Cookies, die nur so lange auf Ihrem Ger\u00e4t bleiben, bis Sie die Website verlassen. Ein persistentes Cookie bleibt viel l\u00e4nger oder bis Sie es manuell l\u00f6schen auf Ihrem Ger\u00e4t (wie lange das Cookie auf Ihrem Ger\u00e4t bleibt, ist von der \u201eLebensdauer\u201c des spezifischen Cookies oder von Ihren Browser-Einstellungen abh\u00e4ngig).<\/p>\n<p>Wir haben unsere Cookies in die folgenden Kategorien unterteilt, um Ihnen das Verst\u00e4ndnis dar\u00fcber zu erleichtern, warum wir sie verwenden:<\/p>\n<ul>\n<li><u>Unbedingt erforderlich\/Notwendig:<\/u> F\u00fcr die korrekte Funktion der Website unbedingt erforderliche Cookies. Sie sorgen daf\u00fcr, dass sich der Nutzer auf unserer Website bewegen und unsere Funktionen nutzen kann. Solche Cookies stellen den Betrieb der Website sicher, zeigen Informationen an, beheben Funktionsst\u00f6rungen und gew\u00e4hrleisten die Sicherheit unserer Website. Ohne diese Cookies k\u00f6nnen bestimmte Funktionen der Website nicht gew\u00e4hrleistet werden. Diese Cookies dienen nicht Ihrer pers\u00f6nlichen Identifizierung.<\/li>\n<li><u>Funktionale Cookies:<\/u> Cookies, die es erlauben, Sie bei Ihrem n\u00e4chsten Besuch der Website wiederzuerkennen und sich an Ihre Entscheidungen \u201ezu erinnern\u201c (z.B. Nutzername, Sprache oder die Region, in der Sie sich befinden), um Ihnen eine individuellere Online-Erfahrung zu bieten. Wenn Sie mit diesen Cookies nicht einverstanden sind, k\u00f6nnen die Leistung und die Funktionen der Website beeintr\u00e4chtigt sein und bestimmte Inhalte nicht zug\u00e4nglich sein.<\/li>\n<li><u>Performance-\/Analyse-Cookies:<\/u> Cookies, die uns einen Einblick dar\u00fcber verschaffen, wie die Besucher mit unseren Web-Eigenschaften interagieren, indem sie uns Informationen \u00fcber die besuchten Rubriken, die auf der Website verbrachte Zeit und angetroffene Probleme, wie beispielsweise Fehlermeldungen, bieten. Sie helfen uns dabei, die Leistung unserer Website zu verbessern, warnen uns bei Problemen, usw. Sie geben Aufschluss dar\u00fcber, wie beliebt eine bestimmt Funktion ist oder ob Sie eine von uns an Sie gesandte E-Mail \u00f6ffnen. Solche Cookies identifizieren Sie nicht als Person, es sei denn dies wird eigens angegeben.<\/li>\n<li><u>Werbe-Cookies: <\/u>Cookies, die verwendet werden, um den Besuchern relevante Werbebotschaften und Marketing-Kampagnen zuzusenden. Solche Cookies verfolgen die Besucher \u00fcber die verschiedenen Websites, die sie besuchen, um ihnen individuell auf ihre Interessen abgestimmte Werbung zuzusenden.<\/li>\n<\/ul>\n<p>&nbsp;<\/p>\n<p><strong>Cookies auf dieser Website<\/strong><\/p>\n<p>In der nachstehenden Tabelle finden Sie eine \u00dcbersicht \u00fcber die verschiedenen Arten von Cookies, die wir auf der Website verwenden, sowie deren jeweiligen Einsatzzweck; au\u00dferdem k\u00f6nnen Sie der Tabelle entnehmen, ob der Einsatz dieser Cookies mit dem Transfer von Informationen an Dritte einhergeht:<\/p>\n<p>Notwendige Cookies sind f\u00fcr den korrekten Betrieb der Website unverzichtbar. Solche Cookies gew\u00e4hrleisten vollkommen anonym die grundlegenden Funktionen und den sicheren Betrieb der Website. In der nachstehenden Tabelle sehen Sie welche Arten notwendiger Cookies\u00a0 auf dieser Website verwendet werden.<\/p>\n<p>&nbsp;<\/p>\n<table width=\"550\">\n<thead>\n<tr>\n<td width=\"153\">Cookie<\/td>\n<td width=\"92\">Lebensdauer<\/td>\n<td width=\"306\">Beschreibung<\/td>\n<\/tr>\n<\/thead>\n<tbody>\n<tr>\n<td width=\"153\">cookielawinfo-checkbox-analytics<\/td>\n<td width=\"92\">11 Monate<\/td>\n<td width=\"306\">Dieses Cookie wird \u00fcber ein DSGVO-konformes Cookie-Zustimmungs-Plugin eingestellt. Das Cookie wird genutzt, um die Zustimmung des Nutzers zu \u201eAnalyse\u201c-Cookies zu speichern.<\/p>\n<p>&nbsp;<\/p>\n<p>Notwendig f\u00fcr Plugin und Website.<\/td>\n<\/tr>\n<tr>\n<td width=\"153\">cookielawinfo-checkbox-functional<\/td>\n<td width=\"92\">11 Monate<\/td>\n<td width=\"306\">Das Cookie wird \u00fcber eine DSGVO-konforme Cookie-Zustimmung gesetzt,\u00a0 um die Zustimmung des Nutzers zu \u201eFunktionalen\u201c Cookies zu speichern.<\/p>\n<p>Notwendig f\u00fcr Plugin und Website.<\/td>\n<\/tr>\n<tr>\n<td width=\"153\">cookielawinfo-checkbox-necessary<\/td>\n<td width=\"92\">11 Monate<\/td>\n<td width=\"306\">Dieses Cookie wird \u00fcber ein DSGVO-konformes Cookie-Zustimmungs-Plugin eingestellt. Die Cookies werden genutzt, um die Zustimmung des Nutzers zu \u201eNotwendigen\u201c Cookies zu speichern.<\/p>\n<p>Nur f\u00fcr das Plugin notwendig.<\/td>\n<\/tr>\n<tr>\n<td width=\"153\">cookielawinfo-checkbox-others<\/td>\n<td width=\"92\">11 Monate<\/td>\n<td width=\"306\">Dieses Cookie wird \u00fcber ein DSGVO-konformes Cookie-Zustimmungs-Plugin eingestellt. Das Cookie wird genutzt, um die Zustimmung des Nutzers zu\u00a0 Cookies aus der Kategorie \u201eSonstige\u201c zu speichern.<\/p>\n<p>Nicht erforderlich.<\/td>\n<\/tr>\n<tr>\n<td width=\"153\">cookielawinfo-checkbox-performance<\/td>\n<td width=\"92\">11 Monate<\/td>\n<td width=\"306\">Dieses Cookie wird \u00fcber ein DSGVO-konformes Cookie-Zustimmungs-Plugin eingestellt. Das Cookie wird genutzt, um die Zustimmung des Nutzers zu\u00a0 Cookies aus der Kategorie \u201ePerformance-Cookies\u201c zu speichern.<\/p>\n<p>Nicht erforderlich.<\/td>\n<\/tr>\n<tr>\n<td width=\"153\">viewed_cookie_policy<\/td>\n<td width=\"92\">11 Monate<\/td>\n<td width=\"306\">Das Cookie wird \u00fcber das DSGVO-konforme Cookie-Zustimmungs-Plugin gesetzt, um zu speichern ob sich der Nutzer mit der Verwendung der Cookies einverstanden erkl\u00e4rt hat oder nicht Es speichert keine pers\u00f6nlichen Daten.<\/p>\n<p>Erforderlich f\u00fcr Plugin und Website.<\/td>\n<\/tr>\n<\/tbody>\n<\/table>\n<p>&nbsp;<\/p>\n<p>Werbecookies k\u00f6nnen auf bestimmten Chubb-Websites verwendet werden, jedoch nicht auf allen.<\/p>\n<p>Wir weisen Sie darauf hin, dass die folgenden Drittanbieter auch Cookies verwenden k\u00f6nnen. Zu diesen benannten Drittanbietern geh\u00f6ren beispielsweise Werbenetzwerke und externe Dienstleister wie beispielsweise Analysedienstleister des Web-Datenverkehrs. Bei solchen Drittanbieter-Cookies kann es sich um Analyse-Cookies, Performance-Cookies oder Werbe-Cookies handeln. Die folgenden Drittanbieter-Cookies werden auf unserer Website genutzt:<\/p>\n<ul>\n<li>Google Analytics<\/li>\n<li>NextRoll<\/li>\n<\/ul>\n<p>Zu den Drittanbietern z\u00e4hlen unter anderem NextRoll. Sie helfen uns dabei, Ihr Ger\u00e4t zu erkennen und zu verstehen, wie Sie unsere Website(s) nutzen, damit wir unsere Serviceleistungen verbessern k\u00f6nnen, um Ihre Interessen zu ber\u00fccksichtigen und Ihnen Werbung zu Produkten und\/oder Serviceleistungen bereitzustellen, die Sie wahrscheinlich interessieren. Insbesondere holen NextRoll und \u00e4hnliche Drittanbieter Informationen \u00fcber Ihre Aktivit\u00e4t auf unserer Website ein, damit wir in der Lage sind,<\/p>\n<ul>\n<li>den Datenverkehr und das Browserverhalten auf unserer Website bzw. unseren Websites zu messen und zu analysieren;<\/li>\n<li>Werbung f\u00fcr unsere Produkte und\/oder Serviceleistungen auf Websites Dritter anzuzeigen;<\/li>\n<li>die Leistung unserer Werbekampagnen zu bemessen;<\/li>\n<\/ul>\n<p>N\u00e4here Informationen \u00fcber die von NextRoll eingesetzten Technologien finden Sie auf\u00a0<a href=\"https:\/\/www.nextroll.com\/privacy\">NextRolls Datenschutz-Hinweis<\/a>.<\/p>\n<p>&nbsp;<\/p>\n<p><strong>Abmeldung\u00a0<\/strong><\/p>\n<p>Unsere Drittanbieter, und dabei unter anderem NextRoll, k\u00f6nnen nicht auf Cookies basierende Technologien nutzen, die von Cookies blockierenden Browser-Einstellungen nicht beeintr\u00e4chtigt werden. Ihr Browser bietet Ihnen unter Umst\u00e4nden nicht die M\u00f6glichkeit, solche Technologien zu blockieren. Aus diesem Grund k\u00f6nnen Sie die folgenden Drittanbieter-Tools verwenden, um die Einholung und Nutzung von Informationen zum Zwecke des Werbetrackings abzulehnen:<\/p>\n<ul>\n<li><a href=\"http:\/\/www.networkadvertising.org\/choices\/\">Die NAI-Abmeldeplattform<\/a><\/li>\n<li><a href=\"http:\/\/www.youronlinechoices.com\/\">Die EDAA-Abmeldeplattform<\/a><\/li>\n<li><a href=\"https:\/\/optout.aboutads.info\/?c=2&amp;lang=EN\">Die DAA-Abmeldeplattform<\/a><\/li>\n<\/ul>\n<p>&nbsp;<\/p>\n<p><strong>Cookie-Verwaltung auf Ihrem Ger\u00e4t<\/strong><strong>\u00a0<\/strong><\/p>\n<p>Bei Ihrem ersten Besuch der Websites von Chubb werden Sie anhand des Cookie-Plugins, das auf Ihrem Bildschirm aufscheint, aufgefordert, Ihre Cookie-Vorlieben anzugeben. W\u00e4hrend notwendige Cookies immer aktiviert werden, k\u00f6nnen Sie bez\u00fcglich anderer Arten von Cookies entscheiden, ob diese gesetzt werden sollen oder nicht. Nach Ihrem ersten Besuch k\u00f6nnen Sie unter Umst\u00e4nden aufgefordert werden, Ihre Cookie-Vorlieben f\u00fcr zuk\u00fcnftige Besuche der Websites zu best\u00e4tigen.<\/p>\n<p>Sie k\u00f6nnen die Implementierung optionaler Cookies zudem zu jeder Zeit neu einstellen. Hierzu k\u00f6nnen Sie die Browser-Einstellungen entsprechend \u00e4ndern. Anweisungen dar\u00fcber, wie Sie die Cookie-Einstellungen auf den h\u00e4ufigsten Browsern \u00e4ndern k\u00f6nnen, finden Sie online.<\/p>\n<p>Sie k\u00f6nnen sich zudem von Google Analytics in allen Websites durch Klick auf <a href=\"http:\/\/tools.googke.com\/dlpage\/gaoptout\">http:\/\/tools.googke.com\/dlpage\/gaoptout<\/a> abmelden.<\/p>\n<p>Informationen zu weiteren Browsern und Ger\u00e4tetypen finden Sie auf <a href=\"http:\/\/www.aboutcookies.org\">http:\/\/www.aboutcookies.org<\/a> oder <a href=\"http:\/\/www.cookiecentral.com\/faq\/\">http:\/\/www.cookiecentral.com\/faq\/<\/a>.<\/p>\n<p>Wir weisen Sie darauf hin, dass die Deaktivierung der von uns verwendeten Cookies Ihre Nutzererfahrung auf der Website beeintr\u00e4chtigen kann und gegebenenfalls dazu f\u00fchren kann, dass Sie keinen Zugriff auf die Website oder bestimmte Teile davon haben.<\/p>\n<p>&nbsp;<\/p>\n","protected":false},"excerpt":{"rendered":"<p>Im vorliegenden \u201eCookie-Hinweis\u201c (der \u201eHinweis\u201c) wird erkl\u00e4rt, wie und warum die Chubb Unternehmensgruppe (auch \u201eChubb\u201c, \u201ewir\u201c, \u201eunser\u201c und \u201euns\u201c genannt) verschiedene Arten von Cookies und \u00e4hnliche Technologien auf beliebigen in unserem Besitz stehenden oder von uns kontrollierten Websites oder Apps nutzt. In diesem Hinweis wird erkl\u00e4rt, wie Sie Cookies und \u00e4hnliche Technologien verwalten k\u00f6nnen. &nbsp;&#8230;<\/p>\n","protected":false},"author":18,"featured_media":0,"parent":0,"menu_order":102,"comment_status":"closed","ping_status":"closed","template":"page-basic.php","meta":{"_acf_changed":false,"_searchwp_excluded":"","inline_featured_image":false,"footnotes":""},"class_list":["post-5302","page","type-page","status-publish","hentry"],"acf":[],"yoast_head":"<!-- This site is optimized with the Yoast SEO plugin v25.1 - https:\/\/yoast.com\/wordpress\/plugins\/seo\/ -->\n<title>Cookie-Hinweis - Chubb Fire &amp; Security : AT - DE<\/title>\n<meta name=\"robots\" content=\"noindex, follow, max-snippet:-1, max-image-preview:large, max-video-preview:-1\" \/>\n<meta property=\"og:locale\" content=\"en_US\" \/>\n<meta property=\"og:type\" content=\"article\" \/>\n<meta property=\"og:title\" content=\"Cookie-Hinweis - Chubb Fire &amp; Security : AT - DE\" \/>\n<meta property=\"og:description\" content=\"Im vorliegenden \u201eCookie-Hinweis\u201c (der \u201eHinweis\u201c) wird erkl\u00e4rt, wie und warum die Chubb Unternehmensgruppe (auch \u201eChubb\u201c, \u201ewir\u201c, \u201eunser\u201c und \u201euns\u201c genannt) verschiedene Arten von Cookies und \u00e4hnliche Technologien auf beliebigen in unserem Besitz stehenden oder von uns kontrollierten Websites oder Apps nutzt. In diesem Hinweis wird erkl\u00e4rt, wie Sie Cookies und \u00e4hnliche Technologien verwalten k\u00f6nnen. &nbsp;...\" \/>\n<meta property=\"og:url\" content=\"https:\/\/dev.chubbfs.com\/at-de\/cookie-einstellungen\/\" \/>\n<meta property=\"og:site_name\" content=\"Chubb Fire &amp; Security : AT - DE\" \/>\n<meta property=\"article:modified_time\" content=\"2024-07-05T11:09:45+00:00\" \/>\n<meta name=\"twitter:card\" content=\"summary_large_image\" \/>\n<meta name=\"twitter:label1\" content=\"Est. reading time\" \/>\n\t<meta name=\"twitter:data1\" content=\"7 minutes\" \/>\n<script type=\"application\/ld+json\" class=\"yoast-schema-graph\">{\"@context\":\"https:\/\/schema.org\",\"@graph\":[{\"@type\":\"WebPage\",\"@id\":\"https:\/\/dev.chubbfs.com\/at-de\/cookie-einstellungen\/\",\"url\":\"https:\/\/dev.chubbfs.com\/at-de\/cookie-einstellungen\/\",\"name\":\"Cookie-Hinweis - Chubb Fire &amp; Security : AT - DE\",\"isPartOf\":{\"@id\":\"https:\/\/dev.chubbfs.com\/at-de\/#website\"},\"datePublished\":\"2022-09-02T15:17:04+00:00\",\"dateModified\":\"2024-07-05T11:09:45+00:00\",\"inLanguage\":\"en-US\",\"potentialAction\":[{\"@type\":\"ReadAction\",\"target\":[\"https:\/\/dev.chubbfs.com\/at-de\/cookie-einstellungen\/\"]}]},{\"@type\":\"WebSite\",\"@id\":\"https:\/\/dev.chubbfs.com\/at-de\/#website\",\"url\":\"https:\/\/dev.chubbfs.com\/at-de\/\",\"name\":\"Chubb Fire &amp; Security : AT - DE\",\"description\":\"Just another WordPress site\",\"potentialAction\":[{\"@type\":\"SearchAction\",\"target\":{\"@type\":\"EntryPoint\",\"urlTemplate\":\"https:\/\/dev.chubbfs.com\/at-de\/?s={search_term_string}\"},\"query-input\":{\"@type\":\"PropertyValueSpecification\",\"valueRequired\":true,\"valueName\":\"search_term_string\"}}],\"inLanguage\":\"en-US\"}]}<\/script>\n<!-- \/ Yoast SEO plugin. -->","yoast_head_json":{"title":"Cookie-Hinweis - Chubb Fire &amp; Security : AT - DE","robots":{"index":"noindex","follow":"follow","max-snippet":"max-snippet:-1","max-image-preview":"max-image-preview:large","max-video-preview":"max-video-preview:-1"},"og_locale":"en_US","og_type":"article","og_title":"Cookie-Hinweis - Chubb Fire &amp; Security : AT - DE","og_description":"Im vorliegenden \u201eCookie-Hinweis\u201c (der \u201eHinweis\u201c) wird erkl\u00e4rt, wie und warum die Chubb Unternehmensgruppe (auch \u201eChubb\u201c, \u201ewir\u201c, \u201eunser\u201c und \u201euns\u201c genannt) verschiedene Arten von Cookies und \u00e4hnliche Technologien auf beliebigen in unserem Besitz stehenden oder von uns kontrollierten Websites oder Apps nutzt. In diesem Hinweis wird erkl\u00e4rt, wie Sie Cookies und \u00e4hnliche Technologien verwalten k\u00f6nnen. &nbsp;...","og_url":"https:\/\/dev.chubbfs.com\/at-de\/cookie-einstellungen\/","og_site_name":"Chubb Fire &amp; Security : AT - DE","article_modified_time":"2024-07-05T11:09:45+00:00","twitter_card":"summary_large_image","twitter_misc":{"Est. reading time":"7 minutes"},"schema":{"@context":"https:\/\/schema.org","@graph":[{"@type":"WebPage","@id":"https:\/\/dev.chubbfs.com\/at-de\/cookie-einstellungen\/","url":"https:\/\/dev.chubbfs.com\/at-de\/cookie-einstellungen\/","name":"Cookie-Hinweis - Chubb Fire &amp; Security : AT - DE","isPartOf":{"@id":"https:\/\/dev.chubbfs.com\/at-de\/#website"},"datePublished":"2022-09-02T15:17:04+00:00","dateModified":"2024-07-05T11:09:45+00:00","inLanguage":"en-US","potentialAction":[{"@type":"ReadAction","target":["https:\/\/dev.chubbfs.com\/at-de\/cookie-einstellungen\/"]}]},{"@type":"WebSite","@id":"https:\/\/dev.chubbfs.com\/at-de\/#website","url":"https:\/\/dev.chubbfs.com\/at-de\/","name":"Chubb Fire &amp; Security : AT - DE","description":"Just another WordPress site","potentialAction":[{"@type":"SearchAction","target":{"@type":"EntryPoint","urlTemplate":"https:\/\/dev.chubbfs.com\/at-de\/?s={search_term_string}"},"query-input":{"@type":"PropertyValueSpecification","valueRequired":true,"valueName":"search_term_string"}}],"inLanguage":"en-US"}]}},"_links":{"self":[{"href":"https:\/\/dev.chubbfs.com\/at-de\/wp-json\/wp\/v2\/pages\/5302","targetHints":{"allow":["GET"]}}],"collection":[{"href":"https:\/\/dev.chubbfs.com\/at-de\/wp-json\/wp\/v2\/pages"}],"about":[{"href":"https:\/\/dev.chubbfs.com\/at-de\/wp-json\/wp\/v2\/types\/page"}],"author":[{"embeddable":true,"href":"https:\/\/dev.chubbfs.com\/at-de\/wp-json\/wp\/v2\/users\/18"}],"replies":[{"embeddable":true,"href":"https:\/\/dev.chubbfs.com\/at-de\/wp-json\/wp\/v2\/comments?post=5302"}],"version-history":[{"count":2,"href":"https:\/\/dev.chubbfs.com\/at-de\/wp-json\/wp\/v2\/pages\/5302\/revisions"}],"predecessor-version":[{"id":6245,"href":"https:\/\/dev.chubbfs.com\/at-de\/wp-json\/wp\/v2\/pages\/5302\/revisions\/6245"}],"wp:attachment":[{"href":"https:\/\/dev.chubbfs.com\/at-de\/wp-json\/wp\/v2\/media?parent=5302"}],"curies":[{"name":"wp","href":"https:\/\/api.w.org\/{rel}","templated":true}]}}